{"id":79,"date":"2018-07-19T15:33:19","date_gmt":"2018-07-19T13:33:19","guid":{"rendered":"https:\/\/www.avamplus.cz\/?page_id=79"},"modified":"2018-07-19T15:33:19","modified_gmt":"2018-07-19T13:33:19","slug":"vedeni-ucetnictvi","status":"publish","type":"page","link":"https:\/\/www.avamplus.cz\/index.php\/vedeni-ucetnictvi\/","title":{"rendered":"Veden\u00ed \u00fa\u010detnictv\u00ed"},"content":{"rendered":"<p>Na\u0161e firma nab\u00edz\u00ed veden\u00ed \u00fa\u010detn\u00ed agendy od p\u0159evzet\u00ed prvotn\u00edch \u00fa\u010detn\u00edch doklad\u016f a\u017e po zpracov\u00e1n\u00ed v\u00fdstupn\u00edch informac\u00ed v podob\u011b \u00fa\u010detn\u00edch v\u00fdkaz\u016f.\u00a0Na\u0161e \u00fa\u010detn\u00ed poradenstv\u00ed vyu\u017e\u00edvaj\u00ed i spole\u010dnosti, kter\u00e9 maj\u00ed vlastn\u00ed kvalifikovan\u00fd \u00fa\u010detn\u00ed person\u00e1l, proto\u017ee mo\u017enost konzultace s na\u0161imi \u00fa\u010detn\u00edmi specialisty, auditory, da\u0148ov\u00fdm\u00ed poradci i spolupracuj\u00edc\u00edmi pr\u00e1vn\u00edky je pro n\u011b z\u00e1rukou nalezen\u00ed nebo ov\u011b\u0159en\u00ed spr\u00e1vn\u00e9ho \u0159e\u0161en\u00ed i t\u011bch nejslo\u017eit\u011bj\u0161\u00edch \u00fa\u010detn\u00edch p\u0159\u00edpad\u016f. Abychom usnadnili profesn\u00ed p\u0159\u00edpravu pracovn\u00edk\u016f ekonomick\u00fdch \u00fasek\u016f na\u0161ich klient\u016f, organizujeme pravideln\u00e1 \u0161kolen\u00ed.<\/p>\n<p>\u00da\u010detnictv\u00ed i da\u0148ovou evidenci vedeme pr\u016fb\u011b\u017en\u011b, abyste m\u011bli v\u017edy co nep\u0159esn\u011bj\u0161\u00ed a nejaktu\u00e1ln\u011bj\u0161\u00ed obr\u00e1zek o Va\u0161\u00ed firm\u011b. Dodr\u017een\u00ed v\u0161ech lh\u016ft a p\u0159edpis\u016f stanoven\u00fdch z\u00e1konem o \u00fa\u010detnictv\u00ed je samoz\u0159ejmost\u00ed. Podnikatel\u016fm v\u017edy porad\u00edme, kdy je pro n\u011b podvojn\u00e9 \u00fa\u010detnictv\u00ed vhodn\u011bj\u0161\u00ed ne\u017e da\u0148ov\u00e1 evidence.<\/p>\n<p>Zaji\u0161\u0165ujeme kompletn\u00ed zpracov\u00e1n\u00ed a veden\u00ed \u00fa\u010detnictv\u00ed v\u010detn\u011b \u00fa\u010dtov\u00e1n\u00ed mezd, leasingu, z\u00e1sob, majetku a veden\u00ed da\u0148ov\u00e9 evidence pro fyzick\u00e9 i pr\u00e1vnick\u00e9 osoby, pro pl\u00e1tce i nepl\u00e1tce DPH, v\u010detn\u011b kontroly \u00faplnosti zpracov\u00e1van\u00fdch \u00fa\u010detn\u00edch doklad\u016f v souladu s platn\u00fdmi \u00fa\u010detn\u00edmi standardy. D\u00e1le zpracov\u00e1v\u00e1me \u00fa\u010detn\u00ed uz\u00e1v\u011brky, z\u00e1v\u011brky a \u00fa\u010detn\u00ed v\u00fdkazy.<\/p>\n<p><strong>Pro fyzick\u00e9 i pr\u00e1vnick\u00e9 osoby poskytujeme:<\/strong><\/p>\n<ul>\n<li>veden\u00ed \u00fa\u010detnictv\u00ed v souladu s \u00fa\u010detn\u00edmi p\u0159edpisy<\/li>\n<li>veden\u00ed da\u0148ov\u00e9 evidence<\/li>\n<li>zpracov\u00e1n\u00ed \u00fa\u010detnictv\u00ed pro pl\u00e1tce i nepl\u00e1tce DPH<\/li>\n<li>kontrola \u00faplnosti zpracov\u00e1van\u00fdch doklad\u016f<\/li>\n<li>zpracov\u00e1n\u00ed \u00fa\u010detn\u00edch uz\u00e1v\u011brek a z\u00e1v\u011brek<\/li>\n<\/ul>\n","protected":false},"excerpt":{"rendered":"<p>Na\u0161e firma nab\u00edz\u00ed veden\u00ed \u00fa\u010detn\u00ed agendy od p\u0159evzet\u00ed prvotn\u00edch \u00fa\u010detn\u00edch doklad\u016f a\u017e po zpracov\u00e1n\u00ed v\u00fdstupn\u00edch informac\u00ed v podob\u011b \u00fa\u010detn\u00edch v\u00fdkaz\u016f.\u00a0Na\u0161e \u00fa\u010detn\u00ed poradenstv\u00ed vyu\u017e\u00edvaj\u00ed i spole\u010dnosti, kter\u00e9 maj\u00ed vlastn\u00ed kvalifikovan\u00fd \u00fa\u010detn\u00ed person\u00e1l, proto\u017ee mo\u017enost konzultace s na\u0161imi \u00fa\u010detn\u00edmi specialisty, auditory, da\u0148ov\u00fdm\u00ed poradci i spolupracuj\u00edc\u00edmi pr\u00e1vn\u00edky je pro n\u011b z\u00e1rukou nalezen\u00ed nebo ov\u011b\u0159en\u00ed spr\u00e1vn\u00e9ho \u0159e\u0161en\u00ed i t\u011bch <a class=\"more-link\" href=\"https:\/\/www.avamplus.cz\/index.php\/vedeni-ucetnictvi\/\">\u010c\u00edst v\u00edce&#8230;<\/a><\/p>\n","protected":false},"author":2,"featured_media":0,"parent":0,"menu_order":0,"comment_status":"closed","ping_status":"closed","template":"","meta":[],"_links":{"self":[{"href":"https:\/\/www.avamplus.cz\/index.php\/wp-json\/wp\/v2\/pages\/79"}],"collection":[{"href":"https:\/\/www.avamplus.cz\/index.php\/wp-json\/wp\/v2\/pages"}],"about":[{"href":"https:\/\/www.avamplus.cz\/index.php\/wp-json\/wp\/v2\/types\/page"}],"author":[{"embeddable":true,"href":"https:\/\/www.avamplus.cz\/index.php\/wp-json\/wp\/v2\/users\/2"}],"replies":[{"embeddable":true,"href":"https:\/\/www.avamplus.cz\/index.php\/wp-json\/wp\/v2\/comments?post=79"}],"version-history":[{"count":1,"href":"https:\/\/www.avamplus.cz\/index.php\/wp-json\/wp\/v2\/pages\/79\/revisions"}],"predecessor-version":[{"id":80,"href":"https:\/\/www.avamplus.cz\/index.php\/wp-json\/wp\/v2\/pages\/79\/revisions\/80"}],"wp:attachment":[{"href":"https:\/\/www.avamplus.cz\/index.php\/wp-json\/wp\/v2\/media?parent=79"}],"curies":[{"name":"wp","href":"https:\/\/api.w.org\/{rel}","templated":true}]}}