{"id":77,"date":"2018-07-19T15:32:18","date_gmt":"2018-07-19T13:32:18","guid":{"rendered":"https:\/\/www.avamplus.cz\/?page_id=77"},"modified":"2021-07-21T13:44:07","modified_gmt":"2021-07-21T11:44:07","slug":"zpracovani-mezd","status":"publish","type":"page","link":"https:\/\/www.avamplus.cz\/index.php\/zpracovani-mezd\/","title":{"rendered":"Zpracov\u00e1n\u00ed mezd"},"content":{"rendered":"<p><strong>Nab\u00edz\u00edme profesion\u00e1ln\u00ed zpracov\u00e1n\u00ed mezd a personalistiky pro mal\u00e9 i\u00a0velk\u00e9 organizace<\/strong>,\u00a0 jsme p\u0159ipraveni zpracovat mzdy Va\u0161ich zam\u011bstnanc\u016f a v pln\u00e9m rozsahu nahradit Va\u0161i vlastn\u00ed mzdovou \u00fa\u010detn\u00ed nebo celou \u00fa\u010dt\u00e1rnu.<\/p>\n<p><strong>Zpracov\u00e1n\u00ed mezd<\/strong> je \u010dinnost, kterou mus\u00ed pravideln\u011b prov\u00e1d\u011bt prakticky ka\u017ed\u00e1 spole\u010dnost bez ohledu na velikost a p\u0159edm\u011bt podnik\u00e1n\u00ed. To vy\u017eaduje minim\u00e1ln\u011b \u00a0jednoho kvalifikovan\u00e9ho pracovn\u00edka. My V\u00e1m nab\u00edz\u00edme mo\u017enost nechat tuto pr\u00e1ci na n\u00e1s a zab\u00fdvat se vlastn\u00edm podnik\u00e1n\u00edm. Z tohoto d\u016fvodu <strong>outsourcing zpracov\u00e1n\u00ed mezd<\/strong>\u00a0nab\u00edz\u00ed nezanedbateln\u00e9 v\u00fdhody pro ka\u017ed\u00e9ho.<\/p>\n<p>Na\u0161e spole\u010dnost se zab\u00fdv\u00e1 zpracov\u00e1n\u00edm mezd ji\u017e dlouhou dobu. M\u016f\u017eeme v\u00e1m tedy zaru\u010dit maxim\u00e1ln\u011b profesion\u00e1ln\u00ed jedn\u00e1n\u00ed na vysok\u00e9 \u00farovni a tak\u00e9 jistotu kvality na\u0161\u00ed pr\u00e1ce. V\u00fdborn\u00e9 v\u00fdsledky na\u0161\u00ed spole\u010dnosti dokazuje mimo jin\u00e9 skute\u010dnost, \u017ee jsme zat\u00edm nemuseli z na\u0161eho poji\u0161t\u011bn\u00ed odpov\u011bdnosti uplatnit \u017e\u00e1dnou pojistnou ud\u00e1lost na n\u00e1mi zp\u016fsoben\u00e9 chyby ve zpracov\u00e1n\u00ed mezd.<\/p>\n<p><strong>Mezi na\u0161e slu\u017eby pat\u0159\u00ed:<\/strong><\/p>\n<ul>\n<li>Kompletn\u00ed zpracov\u00e1n\u00ed mezd a\u00a0veden\u00ed person\u00e1ln\u00ed agendy<\/li>\n<li>Zpracov\u00e1n\u00ed v\u00fdplatn\u00edch p\u00e1sek, mzdov\u00fdch list\u016f a\u00a0mzdov\u00fdch listin<\/li>\n<li>Zpracov\u00e1n\u00ed a\u00a0n\u00e1sledn\u00e9 odesl\u00e1n\u00ed m\u011bs\u00ed\u010dn\u00edch p\u0159ehled\u016f<\/li>\n<li>Zpracov\u00e1n\u00ed pracovn\u00edch smluv<\/li>\n<li>Zpracov\u00e1n\u00ed ro\u010dn\u00edho vy\u00fa\u010dtov\u00e1n\u00ed dan\u00ed<\/li>\n<li>Zaji\u0161t\u011bn\u00ed p\u0159ihl\u00e1\u0161en\u00ed a\u00a0odhl\u00e1\u0161en\u00ed zam\u011bstnanc\u016f<\/li>\n<li>Vy\u00fa\u010dtov\u00e1n\u00ed cestovn\u00edch n\u00e1hrad a\u00a0slu\u017eebn\u00edch cest zam\u011bstnanc\u016f<\/li>\n<li>Vypln\u011bn\u00ed \u017e\u00e1dost\u00ed o\u00a0d\u00e1vky, \u00fav\u011bry a\u00a0jin\u00e9<\/li>\n<li>Zastupov\u00e1n\u00ed na p\u0159\u00edslu\u0161n\u00fdch \u00fa\u0159adech p\u0159i kontrol\u00e1ch<\/li>\n<\/ul>\n<p>&nbsp;<\/p>\n","protected":false},"excerpt":{"rendered":"<p>Nab\u00edz\u00edme profesion\u00e1ln\u00ed zpracov\u00e1n\u00ed mezd a personalistiky pro mal\u00e9 i\u00a0velk\u00e9 organizace,\u00a0 jsme p\u0159ipraveni zpracovat mzdy Va\u0161ich zam\u011bstnanc\u016f a v pln\u00e9m rozsahu nahradit Va\u0161i vlastn\u00ed mzdovou \u00fa\u010detn\u00ed nebo celou \u00fa\u010dt\u00e1rnu. Zpracov\u00e1n\u00ed mezd je \u010dinnost, kterou mus\u00ed pravideln\u011b prov\u00e1d\u011bt prakticky ka\u017ed\u00e1 spole\u010dnost bez ohledu na velikost a p\u0159edm\u011bt podnik\u00e1n\u00ed. To vy\u017eaduje minim\u00e1ln\u011b \u00a0jednoho kvalifikovan\u00e9ho pracovn\u00edka. My V\u00e1m nab\u00edz\u00edme <a class=\"more-link\" href=\"https:\/\/www.avamplus.cz\/index.php\/zpracovani-mezd\/\">\u010c\u00edst v\u00edce&#8230;<\/a><\/p>\n","protected":false},"author":2,"featured_media":0,"parent":0,"menu_order":0,"comment_status":"closed","ping_status":"closed","template":"","meta":[],"_links":{"self":[{"href":"https:\/\/www.avamplus.cz\/index.php\/wp-json\/wp\/v2\/pages\/77"}],"collection":[{"href":"https:\/\/www.avamplus.cz\/index.php\/wp-json\/wp\/v2\/pages"}],"about":[{"href":"https:\/\/www.avamplus.cz\/index.php\/wp-json\/wp\/v2\/types\/page"}],"author":[{"embeddable":true,"href":"https:\/\/www.avamplus.cz\/index.php\/wp-json\/wp\/v2\/users\/2"}],"replies":[{"embeddable":true,"href":"https:\/\/www.avamplus.cz\/index.php\/wp-json\/wp\/v2\/comments?post=77"}],"version-history":[{"count":4,"href":"https:\/\/www.avamplus.cz\/index.php\/wp-json\/wp\/v2\/pages\/77\/revisions"}],"predecessor-version":[{"id":291,"href":"https:\/\/www.avamplus.cz\/index.php\/wp-json\/wp\/v2\/pages\/77\/revisions\/291"}],"wp:attachment":[{"href":"https:\/\/www.avamplus.cz\/index.php\/wp-json\/wp\/v2\/media?parent=77"}],"curies":[{"name":"wp","href":"https:\/\/api.w.org\/{rel}","templated":true}]}}