{"id":75,"date":"2018-07-19T15:31:33","date_gmt":"2018-07-19T13:31:33","guid":{"rendered":"https:\/\/www.avamplus.cz\/?page_id=75"},"modified":"2021-07-21T13:19:38","modified_gmt":"2021-07-21T11:19:38","slug":"danove-poradenstvi","status":"publish","type":"page","link":"https:\/\/www.avamplus.cz\/index.php\/danove-poradenstvi\/","title":{"rendered":"Da\u0148ov\u00e9 poradenstv\u00ed"},"content":{"rendered":"<p><strong>Poskytujeme \u0161irokou nab\u00eddku slu\u017eeb v oblasti dan\u00ed:<\/strong><\/p>\n<ul>\n<li>\u00a0da\u0148ov\u00e9 poradenstv\u00ed<\/li>\n<li>\u00a0kontrolu dan\u00ed p\u0159ed auditem<\/li>\n<li>\u00a0prodlou\u017een\u00ed term\u00ednu pro pod\u00e1n\u00ed p\u0159izn\u00e1n\u00ed dan\u011b z p\u0159\u00edjm\u016f pro fyzick\u00e9 i pr\u00e1vnick\u00e9 osoby<\/li>\n<li>\u00a0komplexn\u00ed poradenstv\u00ed v oblasti \u010desk\u00fdch dan\u00ed<\/li>\n<li>\u00a0da\u0148ov\u00e1 optimalizace a pl\u00e1nov\u00e1n\u00ed<\/li>\n<li>\u00a0zpracov\u00e1n\u00ed da\u0148ov\u00e9ho a \u00fa\u010detn\u00edho odpisov\u00e9ho pl\u00e1nu<\/li>\n<li>\u00a0zpracov\u00e1n\u00ed odborn\u00fdch stanovisek a da\u0148ov\u00fdch anal\u00fdz<\/li>\n<li>\u00a0ov\u011b\u0159en\u00ed odpo\u010ditateln\u00fdch polo\u017eek od z\u00e1kladu dan\u011b z p\u0159\u00edjm\u016f<\/li>\n<\/ul>\n<p><strong>Zpracujeme p\u0159izn\u00e1n\u00ed k:<\/strong><\/p>\n<ul>\n<li>\u00a0dani z p\u0159\u00edjm\u016f pr\u00e1vnick\u00fdch osob<\/li>\n<li>\u00a0dani z p\u0159\u00edjm\u016f fyzick\u00fdch osob<\/li>\n<li>\u00a0DPH<\/li>\n<li>\u00a0silni\u010dn\u00ed dani<\/li>\n<li>\u00a0dani z nemovit\u00fdch v\u011bc\u00ed<\/li>\n<li>\u00a0dani z nabyt\u00ed nemovit\u00fdch v\u011bc\u00ed<\/li>\n<\/ul>\n","protected":false},"excerpt":{"rendered":"<p>Poskytujeme \u0161irokou nab\u00eddku slu\u017eeb v oblasti dan\u00ed: \u00a0da\u0148ov\u00e9 poradenstv\u00ed \u00a0kontrolu dan\u00ed p\u0159ed auditem \u00a0prodlou\u017een\u00ed term\u00ednu pro pod\u00e1n\u00ed p\u0159izn\u00e1n\u00ed dan\u011b z p\u0159\u00edjm\u016f pro fyzick\u00e9 i pr\u00e1vnick\u00e9 osoby \u00a0komplexn\u00ed poradenstv\u00ed v oblasti \u010desk\u00fdch dan\u00ed \u00a0da\u0148ov\u00e1 optimalizace a pl\u00e1nov\u00e1n\u00ed \u00a0zpracov\u00e1n\u00ed da\u0148ov\u00e9ho a \u00fa\u010detn\u00edho odpisov\u00e9ho pl\u00e1nu \u00a0zpracov\u00e1n\u00ed odborn\u00fdch stanovisek a da\u0148ov\u00fdch anal\u00fdz \u00a0ov\u011b\u0159en\u00ed odpo\u010ditateln\u00fdch polo\u017eek od z\u00e1kladu dan\u011b z <a class=\"more-link\" href=\"https:\/\/www.avamplus.cz\/index.php\/danove-poradenstvi\/\">\u010c\u00edst v\u00edce&#8230;<\/a><\/p>\n","protected":false},"author":2,"featured_media":0,"parent":0,"menu_order":0,"comment_status":"closed","ping_status":"closed","template":"","meta":[],"_links":{"self":[{"href":"https:\/\/www.avamplus.cz\/index.php\/wp-json\/wp\/v2\/pages\/75"}],"collection":[{"href":"https:\/\/www.avamplus.cz\/index.php\/wp-json\/wp\/v2\/pages"}],"about":[{"href":"https:\/\/www.avamplus.cz\/index.php\/wp-json\/wp\/v2\/types\/page"}],"author":[{"embeddable":true,"href":"https:\/\/www.avamplus.cz\/index.php\/wp-json\/wp\/v2\/users\/2"}],"replies":[{"embeddable":true,"href":"https:\/\/www.avamplus.cz\/index.php\/wp-json\/wp\/v2\/comments?post=75"}],"version-history":[{"count":3,"href":"https:\/\/www.avamplus.cz\/index.php\/wp-json\/wp\/v2\/pages\/75\/revisions"}],"predecessor-version":[{"id":280,"href":"https:\/\/www.avamplus.cz\/index.php\/wp-json\/wp\/v2\/pages\/75\/revisions\/280"}],"wp:attachment":[{"href":"https:\/\/www.avamplus.cz\/index.php\/wp-json\/wp\/v2\/media?parent=75"}],"curies":[{"name":"wp","href":"https:\/\/api.w.org\/{rel}","templated":true}]}}