{"id":73,"date":"2018-07-19T15:31:01","date_gmt":"2018-07-19T13:31:01","guid":{"rendered":"https:\/\/www.avamplus.cz\/?page_id=73"},"modified":"2021-07-21T13:13:57","modified_gmt":"2021-07-21T11:13:57","slug":"auditorske-sluzby","status":"publish","type":"page","link":"https:\/\/www.avamplus.cz\/index.php\/auditorske-sluzby\/","title":{"rendered":"Auditorsk\u00e9 slu\u017eby"},"content":{"rendered":"<p>Poskytujeme ve\u0161ker\u00e9 auditorsk\u00e9 slu\u017eby. Audit je v\u017edy prov\u00e1d\u011bn za p\u0159\u00edtomnosti odpov\u011bdn\u00e9ho auditora, kter\u00fd je p\u0159ipraven poskytnout klientovi kvalifikovan\u00e9 poradensk\u00e9 slu\u017eby.<\/p>\n<p><strong>Na\u0161im klient\u016fm poskytujeme slu\u017eby zejm\u00e9na v n\u00e1sleduj\u00edc\u00edch oblastech:<\/strong><\/p>\n<ul>\n<li>ov\u011b\u0159ov\u00e1n\u00ed \u0159\u00e1dn\u00fdch i mimo\u0159\u00e1dn\u00fdch \u00fa\u010detn\u00edch z\u00e1v\u011brek sestaven\u00fdch dle \u010desk\u00fdch \u00fa\u010detn\u00edch p\u0159edpis\u016f, jejich\u017e ov\u011b\u0159en\u00ed vy\u017eaduj\u00ed pr\u00e1vn\u00ed p\u0159edpisy \u010cesk\u00e9 republiky<\/li>\n<li>ov\u011b\u0159ov\u00e1n\u00ed konsolidovan\u00fdch \u00fa\u010detn\u00edch z\u00e1v\u011brek sestaven\u00fdch dle \u010desk\u00fdch \u00fa\u010detn\u00edch p\u0159edpis\u016f, jejich\u017e ov\u011b\u0159en\u00ed vy\u017eaduj\u00ed pr\u00e1vn\u00ed p\u0159edpisy \u010cesk\u00e9 republiky<\/li>\n<li>ov\u011b\u0159ov\u00e1n\u00ed \u0159\u00e1dn\u00fdch i mimo\u0159\u00e1dn\u00fdch \u00fa\u010detn\u00edch z\u00e1v\u011brek sestaven\u00fdch dle mezin\u00e1rodn\u00edch \u00fa\u010detn\u00edch p\u0159edpis\u016f IFRS, due diligence<\/li>\n<li>prov\u011brky \u00fa\u010detn\u00edch z\u00e1v\u011brek sestaven\u00fdch dle \u010desk\u00fdch nebo mezin\u00e1rodn\u00edch \u00fa\u010detn\u00edch p\u0159edpis\u016f v p\u0159\u00edpadech, kdy klient vy\u017eaduje ni\u017e\u0161\u00ed m\u00edru uji\u0161t\u011bn\u00ed, dal\u0161\u00ed auditorsk\u00e9 slu\u017eby v souladu s\u00a0Mezin\u00e1rodn\u00edmi auditorsk\u00fdmi standardy ISA, due diligence a dal\u0161\u00ed poradenstv\u00ed v oblasti f\u00faz\u00ed a akvizic\u00ed v\u010detn\u011b variantn\u00edho \u0159e\u0161en\u00ed nestandardn\u00edch operac\u00ed s podnikem<\/li>\n<\/ul>\n","protected":false},"excerpt":{"rendered":"<p>Poskytujeme ve\u0161ker\u00e9 auditorsk\u00e9 slu\u017eby. Audit je v\u017edy prov\u00e1d\u011bn za p\u0159\u00edtomnosti odpov\u011bdn\u00e9ho auditora, kter\u00fd je p\u0159ipraven poskytnout klientovi kvalifikovan\u00e9 poradensk\u00e9 slu\u017eby. Na\u0161im klient\u016fm poskytujeme slu\u017eby zejm\u00e9na v n\u00e1sleduj\u00edc\u00edch oblastech: ov\u011b\u0159ov\u00e1n\u00ed \u0159\u00e1dn\u00fdch i mimo\u0159\u00e1dn\u00fdch \u00fa\u010detn\u00edch z\u00e1v\u011brek sestaven\u00fdch dle \u010desk\u00fdch \u00fa\u010detn\u00edch p\u0159edpis\u016f, jejich\u017e ov\u011b\u0159en\u00ed vy\u017eaduj\u00ed pr\u00e1vn\u00ed p\u0159edpisy \u010cesk\u00e9 republiky ov\u011b\u0159ov\u00e1n\u00ed konsolidovan\u00fdch \u00fa\u010detn\u00edch z\u00e1v\u011brek sestaven\u00fdch dle \u010desk\u00fdch \u00fa\u010detn\u00edch p\u0159edpis\u016f, <a class=\"more-link\" href=\"https:\/\/www.avamplus.cz\/index.php\/auditorske-sluzby\/\">\u010c\u00edst v\u00edce&#8230;<\/a><\/p>\n","protected":false},"author":2,"featured_media":0,"parent":0,"menu_order":0,"comment_status":"closed","ping_status":"closed","template":"","meta":[],"_links":{"self":[{"href":"https:\/\/www.avamplus.cz\/index.php\/wp-json\/wp\/v2\/pages\/73"}],"collection":[{"href":"https:\/\/www.avamplus.cz\/index.php\/wp-json\/wp\/v2\/pages"}],"about":[{"href":"https:\/\/www.avamplus.cz\/index.php\/wp-json\/wp\/v2\/types\/page"}],"author":[{"embeddable":true,"href":"https:\/\/www.avamplus.cz\/index.php\/wp-json\/wp\/v2\/users\/2"}],"replies":[{"embeddable":true,"href":"https:\/\/www.avamplus.cz\/index.php\/wp-json\/wp\/v2\/comments?post=73"}],"version-history":[{"count":3,"href":"https:\/\/www.avamplus.cz\/index.php\/wp-json\/wp\/v2\/pages\/73\/revisions"}],"predecessor-version":[{"id":278,"href":"https:\/\/www.avamplus.cz\/index.php\/wp-json\/wp\/v2\/pages\/73\/revisions\/278"}],"wp:attachment":[{"href":"https:\/\/www.avamplus.cz\/index.php\/wp-json\/wp\/v2\/media?parent=73"}],"curies":[{"name":"wp","href":"https:\/\/api.w.org\/{rel}","templated":true}]}}