{"id":69,"date":"2018-07-19T15:29:55","date_gmt":"2018-07-19T13:29:55","guid":{"rendered":"https:\/\/www.avamplus.cz\/?page_id=69"},"modified":"2024-10-04T12:49:02","modified_gmt":"2024-10-04T10:49:02","slug":"nasi-zamestnanci","status":"publish","type":"page","link":"https:\/\/www.avamplus.cz\/index.php\/nasi-zamestnanci\/","title":{"rendered":"Na\u0161i zam\u011bstnanci"},"content":{"rendered":"<p><strong>Ing. Miloslava Va\u0148kov\u00e1<\/strong><\/p>\n<p><img decoding=\"async\" loading=\"lazy\" class=\"wp-image-220 alignleft\" src=\"https:\/\/www.avamplus.cz\/wp-content\/uploads\/2020\/08\/20376010_1355013427931244_505161158448094648_n-300x300.jpg\" alt=\"\" width=\"150\" height=\"150\" srcset=\"https:\/\/www.avamplus.cz\/wp-content\/uploads\/2020\/08\/20376010_1355013427931244_505161158448094648_n-300x300.jpg 300w, https:\/\/www.avamplus.cz\/wp-content\/uploads\/2020\/08\/20376010_1355013427931244_505161158448094648_n-150x150.jpg 150w, https:\/\/www.avamplus.cz\/wp-content\/uploads\/2020\/08\/20376010_1355013427931244_505161158448094648_n.jpg 576w\" sizes=\"(max-width: 150px) 100vw, 150px\" \/>Da\u0148ov\u00e1 poradkyn\u011b \u010d. osv. 1211, auditorka \u010d. opr. 1670. Jednatelka spole\u010dnosti.<\/p>\n<p>&nbsp;<\/p>\n<p>&nbsp;<\/p>\n<p>&nbsp;<\/p>\n<p>&nbsp;<\/p>\n<p><strong>Bc. Radka Buchalov\u00e1<\/strong><\/p>\n<p><img decoding=\"async\" loading=\"lazy\" class=\"size-thumbnail wp-image-336 alignleft\" src=\"https:\/\/www.avamplus.cz\/wp-content\/uploads\/2021\/08\/20210803_080139-002-150x150.jpg\" alt=\"\" width=\"150\" height=\"150\" \/>Finan\u010dn\u00ed a mzdov\u00e1 \u00fa\u010detn\u00ed<\/p>\n<p>&nbsp;<\/p>\n<p>&nbsp;<\/p>\n<p>&nbsp;<\/p>\n<p>&nbsp;<\/p>\n<p><strong>Bc. Eva Fridrichov\u00e1<\/strong><\/p>\n<p><img decoding=\"async\" loading=\"lazy\" class=\"size-thumbnail wp-image-342 alignleft\" src=\"https:\/\/www.avamplus.cz\/wp-content\/uploads\/2022\/05\/23EDFE6A-D07A-4497-89B2-3A9050E9E3BE-150x150.jpeg\" alt=\"\" width=\"150\" height=\"150\" \/>Finan\u010dn\u00ed a mzdov\u00e1 \u00fa\u010detn\u00ed<\/p>\n<p>&nbsp;<\/p>\n<p>&nbsp;<\/p>\n<p>&nbsp;<\/p>\n<p>&nbsp;<\/p>\n<p><strong>Ing. Martina Hrom\u00e1dkov\u00e1<\/strong><\/p>\n<p><img decoding=\"async\" loading=\"lazy\" class=\"size-thumbnail wp-image-327 alignleft\" src=\"https:\/\/www.avamplus.cz\/wp-content\/uploads\/2021\/07\/IMG_20210615_112001-150x150.jpg\" alt=\"\" width=\"150\" height=\"150\" \/>Finan\u010dn\u00ed a mzdov\u00e1 \u00fa\u010detn\u00ed<\/p>\n<p>&nbsp;<\/p>\n<p>&nbsp;<\/p>\n<p>&nbsp;<\/p>\n<p>&nbsp;<\/p>\n<p><strong>Ing. Petra Kazimourov\u00e1<\/strong><\/p>\n<p><img decoding=\"async\" loading=\"lazy\" class=\"size-thumbnail wp-image-322 alignleft\" src=\"https:\/\/www.avamplus.cz\/wp-content\/uploads\/2021\/07\/IMG_20210722_084604-150x150.jpg\" alt=\"\" width=\"150\" height=\"150\" \/>Finan\u010dn\u00ed a mzdov\u00e1 \u00fa\u010detn\u00ed<\/p>\n<p>&nbsp;<\/p>\n<p>&nbsp;<\/p>\n<p>&nbsp;<\/p>\n<p>&nbsp;<\/p>\n<p><strong>Ing. Mat\u011bj Kr\u010dek<\/strong><\/p>\n<p><img decoding=\"async\" loading=\"lazy\" class=\"size-thumbnail wp-image-340 alignleft\" src=\"https:\/\/www.avamplus.cz\/wp-content\/uploads\/2022\/05\/7DF92F33-BA8C-459C-8ED9-7F14BC5B7BEF-150x150.jpeg\" alt=\"\" width=\"150\" height=\"150\" \/>Da\u0148ov\u00fd poradce \u010d. osv. 4488<\/p>\n<p>&nbsp;<\/p>\n<p>&nbsp;<\/p>\n<p>&nbsp;<\/p>\n<p>&nbsp;<\/p>\n<p><strong>Ing. Karel Pla\u010dek<\/strong><\/p>\n<p><img decoding=\"async\" loading=\"lazy\" class=\"size-thumbnail wp-image-344 alignleft\" src=\"https:\/\/www.avamplus.cz\/wp-content\/uploads\/2022\/05\/IMG_8467-150x150.jpg\" alt=\"\" width=\"150\" height=\"150\" \/>Da\u0148ov\u00fd poradce \u010d. osv. 3840, auditor \u010d. opr. 2166<\/p>\n<p>&nbsp;<\/p>\n<p>&nbsp;<\/p>\n<p>&nbsp;<\/p>\n<p>&nbsp;<\/p>\n<p><strong>Ing. Monika Pt\u00e1\u010dkov\u00e1<\/strong><\/p>\n<p>Finan\u010dn\u00ed \u00fa\u010detn\u00ed<\/p>\n<p>&nbsp;<\/p>\n<p><strong>Ing. Veronika Soukupov\u00e1<\/strong><\/p>\n<p><img decoding=\"async\" loading=\"lazy\" class=\"size-thumbnail wp-image-330 alignleft\" src=\"https:\/\/www.avamplus.cz\/wp-content\/uploads\/2021\/07\/photo_VS-150x150.jpeg\" alt=\"\" width=\"150\" height=\"150\" \/> \u00a0Finan\u010dn\u00ed a mzdov\u00e1 \u00fa\u010detn\u00ed<\/p>\n<p>V sou\u010dasnosti na rodi\u010dovsk\u00e9 dovolen\u00e9.<\/p>\n<p>&nbsp;<\/p>\n<p>&nbsp;<\/p>\n<p>&nbsp;<\/p>\n<p><strong>Bc. Dominika Va\u0148kov\u00e1<\/strong><\/p>\n<p>Finan\u010dn\u00ed \u00fa\u010detn\u00ed<\/p>\n<p>&nbsp;<\/p>\n<p><strong>Ing. V\u011bra Hlavat\u00e1<\/strong><\/p>\n<p>Da\u0148ov\u00e1 poradkyn\u011b \u010d. osv. 3156<\/p>\n<p>&nbsp;<\/p>\n<p><strong>Ing. Zuzana \u017di\u017e\u00e1kov\u00e1<br \/>\n<\/strong><\/p>\n<p>Finan\u010dn\u00ed \u00fa\u010detn\u00ed<\/p>\n<p>&nbsp;<\/p>\n<p>&nbsp;<\/p>\n","protected":false},"excerpt":{"rendered":"<p>Ing. Miloslava Va\u0148kov\u00e1 Da\u0148ov\u00e1 poradkyn\u011b \u010d. osv. 1211, auditorka \u010d. opr. 1670. Jednatelka spole\u010dnosti. &nbsp; &nbsp; &nbsp; &nbsp; Bc. Radka Buchalov\u00e1 Finan\u010dn\u00ed a mzdov\u00e1 \u00fa\u010detn\u00ed &nbsp; &nbsp; &nbsp; &nbsp; Bc. Eva Fridrichov\u00e1 Finan\u010dn\u00ed a mzdov\u00e1 \u00fa\u010detn\u00ed &nbsp; &nbsp; &nbsp; &nbsp; Ing. Martina Hrom\u00e1dkov\u00e1 Finan\u010dn\u00ed a mzdov\u00e1 \u00fa\u010detn\u00ed &nbsp; &nbsp; &nbsp; &nbsp; Ing. Petra Kazimourov\u00e1 Finan\u010dn\u00ed <a class=\"more-link\" href=\"https:\/\/www.avamplus.cz\/index.php\/nasi-zamestnanci\/\">\u010c\u00edst v\u00edce&#8230;<\/a><\/p>\n","protected":false},"author":2,"featured_media":0,"parent":0,"menu_order":0,"comment_status":"closed","ping_status":"closed","template":"","meta":[],"_links":{"self":[{"href":"https:\/\/www.avamplus.cz\/index.php\/wp-json\/wp\/v2\/pages\/69"}],"collection":[{"href":"https:\/\/www.avamplus.cz\/index.php\/wp-json\/wp\/v2\/pages"}],"about":[{"href":"https:\/\/www.avamplus.cz\/index.php\/wp-json\/wp\/v2\/types\/page"}],"author":[{"embeddable":true,"href":"https:\/\/www.avamplus.cz\/index.php\/wp-json\/wp\/v2\/users\/2"}],"replies":[{"embeddable":true,"href":"https:\/\/www.avamplus.cz\/index.php\/wp-json\/wp\/v2\/comments?post=69"}],"version-history":[{"count":84,"href":"https:\/\/www.avamplus.cz\/index.php\/wp-json\/wp\/v2\/pages\/69\/revisions"}],"predecessor-version":[{"id":354,"href":"https:\/\/www.avamplus.cz\/index.php\/wp-json\/wp\/v2\/pages\/69\/revisions\/354"}],"wp:attachment":[{"href":"https:\/\/www.avamplus.cz\/index.php\/wp-json\/wp\/v2\/media?parent=69"}],"curies":[{"name":"wp","href":"https:\/\/api.w.org\/{rel}","templated":true}]}}