{"id":62,"date":"2018-07-19T15:26:50","date_gmt":"2018-07-19T13:26:50","guid":{"rendered":"https:\/\/www.avamplus.cz\/?page_id=62"},"modified":"2021-07-22T13:04:18","modified_gmt":"2021-07-22T11:04:18","slug":"historie","status":"publish","type":"page","link":"https:\/\/www.avamplus.cz\/index.php\/historie\/","title":{"rendered":"Historie"},"content":{"rendered":"<p><strong>Firma AVAM PLUS s.r.o. byla zalo\u017eena v roce 2000. Od po\u010d\u00e1tku je spole\u010dnost zam\u011b\u0159ena na komplexn\u00ed zpracov\u00e1n\u00ed \u00fa\u010detnictv\u00ed, \u00fa\u010detn\u00edch z\u00e1v\u011brek, mezd a auditu. D\u00e1le zaji\u0161\u0165uje poradenskou \u010dinnost v \u00fa\u010detn\u00ed a da\u0148ov\u00e9 oblasti. Jednatelkou spole\u010dnosti je Ing. Miloslava Va\u0148kov\u00e1, kter\u00e1 je absolventkou vysok\u00e9 \u0161koly ekonomick\u00e9. \u0158adu let pracovala v obasti zahrani\u010dn\u00edho obchodu a jako z\u00e1stupce n\u011bmeck\u00e9 leasingov\u00e9 spole\u010dnosti pro \u010ceskoslovenskou republiku. Je auditorkou zapsanou v seznamu Komory auditor\u016f \u010cR a da\u0148ovou poradkyn\u00ed. T\u00fdm na\u0161\u00ed firmy je u\u017e \u0159adu let stabiln\u00ed a poskytuje profesion\u00e1ln\u00ed slu\u017eby na \u00farovni.<\/strong><\/p>\n<p>Klientelou na\u0161\u00ed firmy jsou spole\u010dnosti a fyzick\u00e9 osoby s r\u016fzn\u00fdm p\u0159edm\u011btem \u010dinnosti &#8211; stavebnictv\u00ed, um\u011bleck\u00e1 \u010dinnost, provozov\u00e1n\u00ed restaurac\u00ed, spole\u010dnosti zab\u00fdvaj\u00edc\u00ed se zahrani\u010dn\u00edm obchodem aj. Tento objem klientely vykazuje pravideln\u00fd ro\u010dn\u00ed n\u00e1r\u016fst. V sou\u010dasn\u00e9 dob\u011b m\u00e1 spole\u010dnost p\u0159es 250 klient\u016f. Vedle spolupr\u00e1ce s \u010desk\u00fdmi subjekty z\u00edskala firma \u0159adu klient\u016f, kter\u00fdm poskytuje odborn\u00e9 slu\u017eby v anglick\u00e9m a p\u0159edev\u0161\u00edm rusk\u00e9m jazyce. V na\u0161\u00ed nab\u00eddce jsou komplexn\u00ed slu\u017eby v oblasti veden\u00ed \u00fa\u010detnictv\u00ed, da\u0148ov\u00e9 evidence, zpracov\u00e1n\u00ed mezd, vypln\u011bn\u00ed a pod\u00e1n\u00ed da\u0148ov\u00fdch p\u0159izn\u00e1n\u00ed a p\u0159ehled\u016f na OSSZ a ZP, vypracov\u00e1n\u00ed statistick\u00fdch v\u00fdkaz\u016f pro spole\u010dnosti i mal\u00e9 firmy, zastupov\u00e1n\u00ed na \u00fa\u0159adech p\u0159i kontrol\u00e1ch mezd a \u00fa\u010detnictv\u00ed, \u00fa\u010detn\u00ed, da\u0148ov\u00e9, finan\u010dn\u00ed ale i z\u00e1kladn\u00ed pr\u00e1vn\u00ed poradenstv\u00ed.<\/p>\n","protected":false},"excerpt":{"rendered":"<p>Firma AVAM PLUS s.r.o. byla zalo\u017eena v roce 2000. Od po\u010d\u00e1tku je spole\u010dnost zam\u011b\u0159ena na komplexn\u00ed zpracov\u00e1n\u00ed \u00fa\u010detnictv\u00ed, \u00fa\u010detn\u00edch z\u00e1v\u011brek, mezd a auditu. D\u00e1le zaji\u0161\u0165uje poradenskou \u010dinnost v \u00fa\u010detn\u00ed a da\u0148ov\u00e9 oblasti. Jednatelkou spole\u010dnosti je Ing. Miloslava Va\u0148kov\u00e1, kter\u00e1 je absolventkou vysok\u00e9 \u0161koly ekonomick\u00e9. \u0158adu let pracovala v obasti zahrani\u010dn\u00edho obchodu a jako z\u00e1stupce n\u011bmeck\u00e9 <a class=\"more-link\" href=\"https:\/\/www.avamplus.cz\/index.php\/historie\/\">\u010c\u00edst v\u00edce&#8230;<\/a><\/p>\n","protected":false},"author":2,"featured_media":0,"parent":0,"menu_order":0,"comment_status":"closed","ping_status":"closed","template":"","meta":[],"_links":{"self":[{"href":"https:\/\/www.avamplus.cz\/index.php\/wp-json\/wp\/v2\/pages\/62"}],"collection":[{"href":"https:\/\/www.avamplus.cz\/index.php\/wp-json\/wp\/v2\/pages"}],"about":[{"href":"https:\/\/www.avamplus.cz\/index.php\/wp-json\/wp\/v2\/types\/page"}],"author":[{"embeddable":true,"href":"https:\/\/www.avamplus.cz\/index.php\/wp-json\/wp\/v2\/users\/2"}],"replies":[{"embeddable":true,"href":"https:\/\/www.avamplus.cz\/index.php\/wp-json\/wp\/v2\/comments?post=62"}],"version-history":[{"count":6,"href":"https:\/\/www.avamplus.cz\/index.php\/wp-json\/wp\/v2\/pages\/62\/revisions"}],"predecessor-version":[{"id":326,"href":"https:\/\/www.avamplus.cz\/index.php\/wp-json\/wp\/v2\/pages\/62\/revisions\/326"}],"wp:attachment":[{"href":"https:\/\/www.avamplus.cz\/index.php\/wp-json\/wp\/v2\/media?parent=62"}],"curies":[{"name":"wp","href":"https:\/\/api.w.org\/{rel}","templated":true}]}}